{"id":448,"date":"2024-06-26T08:32:30","date_gmt":"2024-06-26T06:32:30","guid":{"rendered":"https:\/\/observatoire-hexagone.org\/?page_id=448"},"modified":"2024-09-02T14:58:18","modified_gmt":"2024-09-02T12:58:18","slug":"les-dossiers-thematiques","status":"publish","type":"page","link":"https:\/\/observatoire-hexagone.org\/index.php\/les-dossiers-thematiques\/","title":{"rendered":"Les dossiers th\u00e9matiques"},"content":{"rendered":"","protected":false},"excerpt":{"rendered":"","protected":false},"author":1,"featured_media":0,"parent":0,"menu_order":0,"comment_status":"closed","ping_status":"closed","template":"","meta":{"footnotes":""},"class_list":["post-448","page","type-page","status-publish","hentry"],"yoast_head":"<!-- This site is optimized with the Yoast SEO plugin v27.3 - https:\/\/yoast.com\/product\/yoast-seo-wordpress\/ -->\n<title>Les dossiers th\u00e9matiques - Hexagone | La France en chiffres<\/title>\n<meta name=\"description\" content=\"D\u00e9couvrez les dossiers de l&#039;observatoire Hexagone : des analyses d&#039;experts, bas\u00e9es sur des statistiques factuelles et sourc\u00e9es.\" \/>\n<meta name=\"robots\" content=\"index, follow, max-snippet:-1, max-image-preview:large, max-video-preview:-1\" \/>\n<link rel=\"canonical\" href=\"https:\/\/observatoire-hexagone.org\/index.php\/les-dossiers-thematiques\/\" \/>\n<meta property=\"og:locale\" content=\"fr_FR\" \/>\n<meta property=\"og:type\" content=\"article\" \/>\n<meta property=\"og:title\" content=\"Les dossiers th\u00e9matiques - Hexagone | La France en chiffres\" \/>\n<meta property=\"og:description\" content=\"D\u00e9couvrez les dossiers de l&#039;observatoire Hexagone : des analyses d&#039;experts, bas\u00e9es sur des statistiques factuelles et sourc\u00e9es.\" \/>\n<meta property=\"og:url\" content=\"https:\/\/observatoire-hexagone.org\/index.php\/les-dossiers-thematiques\/\" \/>\n<meta property=\"og:site_name\" content=\"Hexagone | La France en chiffres\" \/>\n<meta property=\"article:publisher\" content=\"https:\/\/www.facebook.com\/profile.php?id=61562511315709\" \/>\n<meta property=\"article:modified_time\" content=\"2024-09-02T12:58:18+00:00\" \/>\n<meta name=\"twitter:card\" content=\"summary_large_image\" \/>\n<meta name=\"twitter:site\" content=\"@Hexagone_org\" \/>\n<script type=\"application\/ld+json\" class=\"yoast-schema-graph\">{\"@context\":\"https:\\\/\\\/schema.org\",\"@graph\":[{\"@type\":\"WebPage\",\"@id\":\"https:\\\/\\\/observatoire-hexagone.org\\\/index.php\\\/les-dossiers-thematiques\\\/\",\"url\":\"https:\\\/\\\/observatoire-hexagone.org\\\/index.php\\\/les-dossiers-thematiques\\\/\",\"name\":\"Les dossiers th\u00e9matiques - Hexagone | La France en chiffres\",\"isPartOf\":{\"@id\":\"https:\\\/\\\/observatoire-hexagone.org\\\/#website\"},\"datePublished\":\"2024-06-26T06:32:30+00:00\",\"dateModified\":\"2024-09-02T12:58:18+00:00\",\"description\":\"D\u00e9couvrez les dossiers de l'observatoire Hexagone : des analyses d'experts, bas\u00e9es sur des statistiques factuelles et sourc\u00e9es.\",\"breadcrumb\":{\"@id\":\"https:\\\/\\\/observatoire-hexagone.org\\\/index.php\\\/les-dossiers-thematiques\\\/#breadcrumb\"},\"inLanguage\":\"fr-FR\",\"potentialAction\":[{\"@type\":\"ReadAction\",\"target\":[\"https:\\\/\\\/observatoire-hexagone.org\\\/index.php\\\/les-dossiers-thematiques\\\/\"]}]},{\"@type\":\"BreadcrumbList\",\"@id\":\"https:\\\/\\\/observatoire-hexagone.org\\\/index.php\\\/les-dossiers-thematiques\\\/#breadcrumb\",\"itemListElement\":[{\"@type\":\"ListItem\",\"position\":1,\"name\":\"Accueil\",\"item\":\"https:\\\/\\\/observatoire-hexagone.org\\\/\"},{\"@type\":\"ListItem\",\"position\":2,\"name\":\"Les dossiers th\u00e9matiques\"}]},{\"@type\":\"WebSite\",\"@id\":\"https:\\\/\\\/observatoire-hexagone.org\\\/#website\",\"url\":\"https:\\\/\\\/observatoire-hexagone.org\\\/\",\"name\":\"Hexagone | La France en chiffres\",\"description\":\"\",\"publisher\":{\"@id\":\"https:\\\/\\\/observatoire-hexagone.org\\\/#organization\"},\"potentialAction\":[{\"@type\":\"SearchAction\",\"target\":{\"@type\":\"EntryPoint\",\"urlTemplate\":\"https:\\\/\\\/observatoire-hexagone.org\\\/?s={search_term_string}\"},\"query-input\":{\"@type\":\"PropertyValueSpecification\",\"valueRequired\":true,\"valueName\":\"search_term_string\"}}],\"inLanguage\":\"fr-FR\"},{\"@type\":\"Organization\",\"@id\":\"https:\\\/\\\/observatoire-hexagone.org\\\/#organization\",\"name\":\"Hexagone | La France en chiffres\",\"url\":\"https:\\\/\\\/observatoire-hexagone.org\\\/\",\"logo\":{\"@type\":\"ImageObject\",\"inLanguage\":\"fr-FR\",\"@id\":\"https:\\\/\\\/observatoire-hexagone.org\\\/#\\\/schema\\\/logo\\\/image\\\/\",\"url\":\"https:\\\/\\\/observatoire-hexagone.org\\\/wp-content\\\/uploads\\\/2024\\\/06\\\/Horizontal_Principal-e1718962711881.png\",\"contentUrl\":\"https:\\\/\\\/observatoire-hexagone.org\\\/wp-content\\\/uploads\\\/2024\\\/06\\\/Horizontal_Principal-e1718962711881.png\",\"width\":1894,\"height\":511,\"caption\":\"Hexagone | La France en chiffres\"},\"image\":{\"@id\":\"https:\\\/\\\/observatoire-hexagone.org\\\/#\\\/schema\\\/logo\\\/image\\\/\"},\"sameAs\":[\"https:\\\/\\\/www.facebook.com\\\/profile.php?id=61562511315709\",\"https:\\\/\\\/x.com\\\/Hexagone_org\",\"https:\\\/\\\/www.linkedin.com\\\/company\\\/observatoire-hexagone\\\/\"]}]}<\/script>\n<!-- \/ Yoast SEO plugin. -->","yoast_head_json":{"title":"Les dossiers th\u00e9matiques - Hexagone | La France en chiffres","description":"D\u00e9couvrez les dossiers de l'observatoire Hexagone : des analyses d'experts, bas\u00e9es sur des statistiques factuelles et sourc\u00e9es.","robots":{"index":"index","follow":"follow","max-snippet":"max-snippet:-1","max-image-preview":"max-image-preview:large","max-video-preview":"max-video-preview:-1"},"canonical":"https:\/\/observatoire-hexagone.org\/index.php\/les-dossiers-thematiques\/","og_locale":"fr_FR","og_type":"article","og_title":"Les dossiers th\u00e9matiques - Hexagone | La France en chiffres","og_description":"D\u00e9couvrez les dossiers de l'observatoire Hexagone : des analyses d'experts, bas\u00e9es sur des statistiques factuelles et sourc\u00e9es.","og_url":"https:\/\/observatoire-hexagone.org\/index.php\/les-dossiers-thematiques\/","og_site_name":"Hexagone | La France en chiffres","article_publisher":"https:\/\/www.facebook.com\/profile.php?id=61562511315709","article_modified_time":"2024-09-02T12:58:18+00:00","twitter_card":"summary_large_image","twitter_site":"@Hexagone_org","schema":{"@context":"https:\/\/schema.org","@graph":[{"@type":"WebPage","@id":"https:\/\/observatoire-hexagone.org\/index.php\/les-dossiers-thematiques\/","url":"https:\/\/observatoire-hexagone.org\/index.php\/les-dossiers-thematiques\/","name":"Les dossiers th\u00e9matiques - Hexagone | La France en chiffres","isPartOf":{"@id":"https:\/\/observatoire-hexagone.org\/#website"},"datePublished":"2024-06-26T06:32:30+00:00","dateModified":"2024-09-02T12:58:18+00:00","description":"D\u00e9couvrez les dossiers de l'observatoire Hexagone : des analyses d'experts, bas\u00e9es sur des statistiques factuelles et sourc\u00e9es.","breadcrumb":{"@id":"https:\/\/observatoire-hexagone.org\/index.php\/les-dossiers-thematiques\/#breadcrumb"},"inLanguage":"fr-FR","potentialAction":[{"@type":"ReadAction","target":["https:\/\/observatoire-hexagone.org\/index.php\/les-dossiers-thematiques\/"]}]},{"@type":"BreadcrumbList","@id":"https:\/\/observatoire-hexagone.org\/index.php\/les-dossiers-thematiques\/#breadcrumb","itemListElement":[{"@type":"ListItem","position":1,"name":"Accueil","item":"https:\/\/observatoire-hexagone.org\/"},{"@type":"ListItem","position":2,"name":"Les dossiers th\u00e9matiques"}]},{"@type":"WebSite","@id":"https:\/\/observatoire-hexagone.org\/#website","url":"https:\/\/observatoire-hexagone.org\/","name":"Hexagone | La France en chiffres","description":"","publisher":{"@id":"https:\/\/observatoire-hexagone.org\/#organization"},"potentialAction":[{"@type":"SearchAction","target":{"@type":"EntryPoint","urlTemplate":"https:\/\/observatoire-hexagone.org\/?s={search_term_string}"},"query-input":{"@type":"PropertyValueSpecification","valueRequired":true,"valueName":"search_term_string"}}],"inLanguage":"fr-FR"},{"@type":"Organization","@id":"https:\/\/observatoire-hexagone.org\/#organization","name":"Hexagone | La France en chiffres","url":"https:\/\/observatoire-hexagone.org\/","logo":{"@type":"ImageObject","inLanguage":"fr-FR","@id":"https:\/\/observatoire-hexagone.org\/#\/schema\/logo\/image\/","url":"https:\/\/observatoire-hexagone.org\/wp-content\/uploads\/2024\/06\/Horizontal_Principal-e1718962711881.png","contentUrl":"https:\/\/observatoire-hexagone.org\/wp-content\/uploads\/2024\/06\/Horizontal_Principal-e1718962711881.png","width":1894,"height":511,"caption":"Hexagone | La France en chiffres"},"image":{"@id":"https:\/\/observatoire-hexagone.org\/#\/schema\/logo\/image\/"},"sameAs":["https:\/\/www.facebook.com\/profile.php?id=61562511315709","https:\/\/x.com\/Hexagone_org","https:\/\/www.linkedin.com\/company\/observatoire-hexagone\/"]}]}},"_links":{"self":[{"href":"https:\/\/observatoire-hexagone.org\/index.php\/wp-json\/wp\/v2\/pages\/448","targetHints":{"allow":["GET"]}}],"collection":[{"href":"https:\/\/observatoire-hexagone.org\/index.php\/wp-json\/wp\/v2\/pages"}],"about":[{"href":"https:\/\/observatoire-hexagone.org\/index.php\/wp-json\/wp\/v2\/types\/page"}],"author":[{"embeddable":true,"href":"https:\/\/observatoire-hexagone.org\/index.php\/wp-json\/wp\/v2\/users\/1"}],"replies":[{"embeddable":true,"href":"https:\/\/observatoire-hexagone.org\/index.php\/wp-json\/wp\/v2\/comments?post=448"}],"version-history":[{"count":1,"href":"https:\/\/observatoire-hexagone.org\/index.php\/wp-json\/wp\/v2\/pages\/448\/revisions"}],"predecessor-version":[{"id":449,"href":"https:\/\/observatoire-hexagone.org\/index.php\/wp-json\/wp\/v2\/pages\/448\/revisions\/449"}],"wp:attachment":[{"href":"https:\/\/observatoire-hexagone.org\/index.php\/wp-json\/wp\/v2\/media?parent=448"}],"curies":[{"name":"wp","href":"https:\/\/api.w.org\/{rel}","templated":true}]}}